{"id":188,"date":"2023-09-01T06:14:41","date_gmt":"2023-09-01T06:14:41","guid":{"rendered":"https:\/\/www.sinmevico.it\/?page_id=188"},"modified":"2023-09-01T06:14:41","modified_gmt":"2023-09-01T06:14:41","slug":"scheda-iscrizione","status":"publish","type":"page","link":"https:\/\/www.sinmevico.it\/index.php\/scheda-iscrizione\/","title":{"rendered":"Scheda Iscrizione"},"content":{"rendered":"<p><em><span style=\"color: #000000;\">Di seguito la procedura e scheda per l&#8217; iscrizione al Sin.Me.Vi.Co.<\/span><\/em><\/p>\n\n\n<p class=\"has-dark-gray-color has-text-color\">L&#8217;iscrizione deve essere effettuata solo mediante<strong>&nbsp;bonifico bancario,&nbsp;intestato a Sin.Me.Vi.Co.<\/strong> <br>quota di iscrizione annuale in corso&nbsp;<strong>\u20ac 30,00 (trenta)<\/strong>.<br><br>Non dimenticare di riportare nella causale del bonifico il proprio NOME e l&#8217; ANNO a cui si riferisce il versamento<br><br><mark style=\"background-color:rgba(0, 0, 0, 0)\" class=\"has-inline-color has-dark-green-color\"><strong>IBAN&nbsp;&nbsp;Sinmevico&nbsp; (Banca Unicredit):<br>IT&nbsp; 17&nbsp; J&nbsp;&nbsp;02008&nbsp;&nbsp;05226&nbsp;&nbsp;000400515859<\/strong><\/mark><br><br>L&#8217; IBAN \u00e8 in corso di modifica per variazione dell&#8217;Agenzia bancaria. Il nuovo indirizzo IBAN sar\u00e0 inserito immediatamente, appena modificato. Ma anche utilizzando l&#8217;IBAN sopra riportato il versamento andr\u00e0 a buon fine.<br><br>Per qualsiasi eventuale informazione:&nbsp;&nbsp;<a href=\"mailto:contatti090313@sinmevico.it\"><strong><mark style=\"background-color:rgba(0, 0, 0, 0)\" class=\"has-inline-color has-dark-green-color\">contatti090313@sinmevico.it<\/mark><\/strong><\/a><br>Allo stesso indirizzo si invita comunicare i dati sotto riportati&nbsp; (copia incolla su email)<br><br><strong>Il\/La sottoscritto\/a<\/strong><\/p>\n\n\n\n<p><strong>Dr.\/ Dr.ssa:<\/strong><br><br><strong>nato\/a a:&nbsp;&nbsp;&nbsp;&nbsp;&nbsp;&nbsp;&nbsp;&nbsp;&nbsp;<\/strong>&nbsp;&nbsp;&nbsp;&nbsp;&nbsp;&nbsp;&nbsp;&nbsp;&nbsp;&nbsp;&nbsp;&nbsp;&nbsp;&nbsp;<br><br><strong>prov.:&nbsp;&nbsp;&nbsp;<br><br>il:<\/strong><br><br><strong>residente a:&nbsp;&nbsp;<br><br>prov.:<br><br>via: &nbsp;&nbsp;&nbsp;&nbsp;<br><br>CAP:<br><br>tel.:&nbsp;<br><br>cellulare: &nbsp;&nbsp;<br><br>e-mail:&nbsp;<br><br>iscritto nelle liste INPS di:&nbsp;&nbsp;<br><br>regione:<br><br>chiede l&#8217;iscrizione\/il rinnovo dell&#8217;iscrizione al Sin.Me.Vi.Co. per l&#8217;anno:<br><br><br>firma (se possibile) :<\/strong><\/p>\n\n\n\n<p><strong>sono\/non sono interessato a rappresentare il Sin.Me.Vi.Co nella sede Inps di appartenenza.<\/strong><\/p>\n","protected":false},"excerpt":{"rendered":"<p>Di seguito la procedura e scheda per l&#8217; iscrizione al Sin.Me.Vi.Co. L&#8217;iscrizione deve essere effettuata solo mediante&nbsp;bonifico bancario,&nbsp;intestato a Sin.Me.Vi.Co. quota di iscrizione annuale in corso&nbsp;\u20ac 30,00 (trenta). Non dimenticare di riportare nella causale del bonifico il proprio NOME e l&#8217; ANNO a cui si riferisce il versamento IBAN&nbsp;&nbsp;Sinmevico&nbsp; (Banca Unicredit):IT&nbsp; 17&nbsp; J&nbsp;&nbsp;02008&nbsp;&nbsp;05226&nbsp;&nbsp;000400515859 L&#8217; IBAN &hellip; <a href=\"https:\/\/www.sinmevico.it\/index.php\/scheda-iscrizione\/\" class=\"more-link\">Leggi tutto <span class=\"screen-reader-text\">Scheda Iscrizione<\/span><\/a><\/p>\n","protected":false},"author":1,"featured_media":0,"parent":0,"menu_order":0,"comment_status":"closed","ping_status":"closed","template":"","meta":{"footnotes":""},"class_list":["post-188","page","type-page","status-publish","hentry"],"_links":{"self":[{"href":"https:\/\/www.sinmevico.it\/index.php\/wp-json\/wp\/v2\/pages\/188","targetHints":{"allow":["GET"]}}],"collection":[{"href":"https:\/\/www.sinmevico.it\/index.php\/wp-json\/wp\/v2\/pages"}],"about":[{"href":"https:\/\/www.sinmevico.it\/index.php\/wp-json\/wp\/v2\/types\/page"}],"author":[{"embeddable":true,"href":"https:\/\/www.sinmevico.it\/index.php\/wp-json\/wp\/v2\/users\/1"}],"replies":[{"embeddable":true,"href":"https:\/\/www.sinmevico.it\/index.php\/wp-json\/wp\/v2\/comments?post=188"}],"version-history":[{"count":3,"href":"https:\/\/www.sinmevico.it\/index.php\/wp-json\/wp\/v2\/pages\/188\/revisions"}],"predecessor-version":[{"id":233,"href":"https:\/\/www.sinmevico.it\/index.php\/wp-json\/wp\/v2\/pages\/188\/revisions\/233"}],"wp:attachment":[{"href":"https:\/\/www.sinmevico.it\/index.php\/wp-json\/wp\/v2\/media?parent=188"}],"curies":[{"name":"wp","href":"https:\/\/api.w.org\/{rel}","templated":true}]}}